{"id":147,"date":"2015-05-11T14:12:17","date_gmt":"2015-05-11T12:12:17","guid":{"rendered":"http:\/\/www.atelier-sojus.at\/cms\/?page_id=147"},"modified":"2015-05-27T00:20:49","modified_gmt":"2015-05-26T22:20:49","slug":"ferienhaus-rechnitz-burgenland","status":"publish","type":"page","link":"http:\/\/www.atelier-sojus.at\/cms\/projekte-atelier-sojus\/ferienhaus-rechnitz-burgenland\/","title":{"rendered":"UMBAU UND SANIERUNG FERIENHAUS RECHNITZ &#8211; BURGENLAND"},"content":{"rendered":"<div class=\"fusion-sep-clear\"><\/div><div class=\"fusion-separator fusion-full-width-sep sep-none\" style=\"border-color:#e0dede;margin-left: auto;margin-right: auto;margin-top:15px;margin-bottom:15px;\"><\/div>\n<div class=\"fusion-one-half fusion-layout-column fusion-spacing-yes\" style=\"margin-top:0px;margin-bottom:20px;\"><div class=\"fusion-column-wrapper\">\n<p><strong>UMBAU UND SANIERUNG FERIENHAUS RECHNITZ &#8211; BURGENLAND<\/strong><\/p>\n<p>Projektbeginn M\u00e4rz 2010<br \/>\nLeistungsphasen Vorentwurf, Entwurf, Einreichung<\/p>\n<\/div><\/div>\n<div class=\"fusion-one-half fusion-layout-column fusion-column-last fusion-spacing-yes\" style=\"margin-top:0px;margin-bottom:20px;\"><div class=\"fusion-column-wrapper\">\nEin Ferienhaus im Burgenland wird vom Besitzer vorwiegend in Eigenarbeit umgebaut, dazu erarbeiten wir das Konzept bis hin zur Einreichung.<br \/>\nDie behutsame Wegnahme der bauf\u00e4lligen Teile des Einfamilienhauses ergibt die M\u00f6glichkeit, die Raum-,und Belichtungssituation am schwierigen Hanggrundst\u00fcck signifikant zu verbessern.<br \/>\nSo l\u00e4sst sich mittels leichter Holzbaufertigelementen die Schlafebene auf den entkernten und vergr\u00f6\u00dferten Wohnraum aufsetzten und eine zweist\u00f6ckige Raumkonfiguration des offenen Wohn,- und Kochbereiches schaffen.<br \/>\nDurch die schonende Entfernung der Decke bei Belassen der Tramkonstruktion wird die Belichtung und r\u00e4umliche Gro\u00dfz\u00fcgigkeit der Bedeutung des nunmehr zentralen Wohnraumes als Herzst\u00fcck des Refugiums gerecht.<br \/>\nDie in leichter Holzkonstruktion aufgesetzte Schlafebene wird \u00fcber eine nordseitig situierte interne Treppe ereichbar, die gleichzeitig als zus\u00e4tzlicher Belichtungsraum den offenen K\u00fcchenbereich akzentuiert.<br \/>\nEine leichte Verschiebung des aufgesetzten Geschosses in Richtung Osten erm\u00f6glicht eine Belichtung des Schlafraumes durch die Morgensonne und die Situierung des Eingangsbereiches an \u00f6ffentlicher Stelle des K\u00fcchenraumes.<br \/>\nEine weitere Verschiebung von Teilen des Dachstuhles in Richtung Westen erm\u00f6glicht die Verbindung \u00fcber eine br\u00fcckenartige Terrasse an das Hanggrundst\u00fcck und die angrenzenden Streuobstwiesen.<br \/>\nEin angrenzendes Stallgeb\u00e4ude wird durch den Abbau des bauf\u00e4lligen Dachstuhles als Aussichtsterrasse zur Erweiterung des Aussenraumes mit Blickbezug in das Tal des Rechnitzer Badesees.<br \/>\nEine respektvolle und schonende Erweiterung bei gr\u00f6\u00dftm\u00f6glicher Erhaltung der brauchbaren Bauteile des Bestandes ist mit einem Herausarbeiten der r\u00e4umlichen Qualit\u00e4t, der Belichtungssituation, der Ausblicke und der Aktivierung des umgebenden Raumes verbunden.<br \/>\nGleichzeitig verliert das Geb\u00e4ude nicht den Charakter seiner Proportionen und Gr\u00f6\u00dfenverh\u00e4ltnisse.<br \/>\n<\/div><\/div><div class=\"fusion-clearfix\"><\/div>\n","protected":false},"excerpt":{"rendered":"","protected":false},"author":1,"featured_media":0,"parent":47,"menu_order":18,"comment_status":"open","ping_status":"closed","template":"","meta":[],"_links":{"self":[{"href":"http:\/\/www.atelier-sojus.at\/cms\/wp-json\/wp\/v2\/pages\/147"}],"collection":[{"href":"http:\/\/www.atelier-sojus.at\/cms\/wp-json\/wp\/v2\/pages"}],"about":[{"href":"http:\/\/www.atelier-sojus.at\/cms\/wp-json\/wp\/v2\/types\/page"}],"author":[{"embeddable":true,"href":"http:\/\/www.atelier-sojus.at\/cms\/wp-json\/wp\/v2\/users\/1"}],"replies":[{"embeddable":true,"href":"http:\/\/www.atelier-sojus.at\/cms\/wp-json\/wp\/v2\/comments?post=147"}],"version-history":[{"count":6,"href":"http:\/\/www.atelier-sojus.at\/cms\/wp-json\/wp\/v2\/pages\/147\/revisions"}],"predecessor-version":[{"id":407,"href":"http:\/\/www.atelier-sojus.at\/cms\/wp-json\/wp\/v2\/pages\/147\/revisions\/407"}],"up":[{"embeddable":true,"href":"http:\/\/www.atelier-sojus.at\/cms\/wp-json\/wp\/v2\/pages\/47"}],"wp:attachment":[{"href":"http:\/\/www.atelier-sojus.at\/cms\/wp-json\/wp\/v2\/media?parent=147"}],"curies":[{"name":"wp","href":"https:\/\/api.w.org\/{rel}","templated":true}]}}