{"id":162,"date":"2015-05-13T10:12:57","date_gmt":"2015-05-13T08:12:57","guid":{"rendered":"http:\/\/www.atelier-sojus.at\/cms\/?page_id=162"},"modified":"2015-05-27T00:42:11","modified_gmt":"2015-05-26T22:42:11","slug":"umbau-1070-wien","status":"publish","type":"page","link":"http:\/\/www.atelier-sojus.at\/cms\/projekte-atelier-sojus\/umbau-1070-wien\/","title":{"rendered":"UMBAU UNS SANIERUNG APPARTEMENT &#8211; 1070 WIEN"},"content":{"rendered":"<div class=\"fusion-sep-clear\"><\/div><div class=\"fusion-separator fusion-full-width-sep sep-none\" style=\"border-color:#e0dede;margin-left: auto;margin-right: auto;margin-top:15px;margin-bottom:15px;\"><\/div>\n<div class=\"fusion-one-half fusion-layout-column fusion-spacing-yes\" style=\"margin-top:0px;margin-bottom:20px;\"><div class=\"fusion-column-wrapper\">\n<p><strong>UMBAU UND SANIERUNG APPARTEMENT &#8211; 1070 WIEN<\/strong><\/p>\n<p>Projektbeginn Juni 2014<br \/>\nProjektende Oktober 2014<\/p>\n<p>Leistungsphasen 1-9<\/p>\n<\/div><\/div>\n<div class=\"fusion-one-half fusion-layout-column fusion-column-last fusion-spacing-yes\" style=\"margin-top:0px;margin-bottom:20px;\"><div class=\"fusion-column-wrapper\">\n<p>Eine kleine Wohnung in einem Gr\u00fcnderzeithaus wird in engem Zeitkorsett saniert.<br \/>\nBesonderes Augenmerk wird auf die Effizienz der Raumausnutzung gelegt, die minimale Wohnfl\u00e4che wird durch \u00dcberlagerungen und Kombinationen von Funtionen effizienl ausgenutzt.<br \/>\nIn zwei Planungsvarianten wird von uns die M\u00f6glichkeit ausgelotet, die besondere Situierung inmitten des urbanen 7.ten Bezirkes in begr\u00fcnter Innenhofumgebung zu nutzen und die rein nordseitige Belichtungssituation der Wohnung zu optimieren, um das durch Baumkronen gefilterte Licht m\u00f6glichst weit in den Raum zu holen.<br \/>\nDie Freistellung der Fensterfront von trennenden W\u00e4nden und M\u00f6beln l\u00e4sst eine Wahrnehmung der gesamten L\u00e4nge der Fensterfront im Raum zu, vergr\u00f6\u00dfert optisch und tageslichttechnisch den Raumeindruck. Die Farbgestaltung in hellen Wei\u00dft\u00f6nen verschiedener Schattierungen l\u00e4sst das Nordlicht in den Raum flie\u00dfen und schafft eine sehr angenehme, atelier\u00e4hnliche Lichtstimmung.<br \/>\nDie Neugestaltung des Bades mit Einbau zeitgem\u00e4\u00dfer technischer Ausstattung und der Einbau einer Tischlerk\u00fcche erm\u00f6glichen trotz beengter Platzverh\u00e4ltnisse ein Maximum an Wohnqualit\u00e4t. Gro\u00dfformatige Feinsteinzeugplatten an Boden und Wand beruhigen die kleinteiligen R\u00e4umlichkeiten und wirken durch die gleiche Materialit\u00e4t an Wand und Boden als optischer Ruhepool und unterst\u00fctzen die klare Lichtstimmung. Akzentuierungen in der Austattung werden zugunsten einer Ton-in-Ton Farbgebung in den Hintergrund gestellt, um dem flie\u00dfenden Charakter des Nordlichtes keine Ablenkung entgegenzustellen.<br \/>\nAus statischen Gr\u00fcnden, und dem eher desolaten Zustand des Baubestandes geschuldet wird eine L\u00f6sung mit abgeschlossener K\u00fcche bevorzugt, der Einbau eines Stahltr\u00e4gers hingegen verworfen, was sich w\u00e4hrend es Bauablaufes als die einzig richtige Entscheidung herausstellte. An die bestm\u00f6gliche Ausnutzung des geringen Raumangebotes wurden dadurch hohe Anspr\u00fcche gestellt.<br \/>\nSowohl die Anpassung der Detailplanung als auch die Ausf\u00fchrung im Altbau wurden laufend aufeinander abgestimmt, und zu einem stimmigen Ergebniss zusammengef\u00fchrt, das die Kleinteiligkeit der Ausgangsbasis schnell vergessen l\u00e4sst.<\/p>\n<p>&nbsp;<\/p>\n<p>.<\/div><\/div><div class=\"fusion-clearfix\"><\/div>\n","protected":false},"excerpt":{"rendered":"","protected":false},"author":2,"featured_media":0,"parent":47,"menu_order":24,"comment_status":"open","ping_status":"closed","template":"","meta":[],"_links":{"self":[{"href":"http:\/\/www.atelier-sojus.at\/cms\/wp-json\/wp\/v2\/pages\/162"}],"collection":[{"href":"http:\/\/www.atelier-sojus.at\/cms\/wp-json\/wp\/v2\/pages"}],"about":[{"href":"http:\/\/www.atelier-sojus.at\/cms\/wp-json\/wp\/v2\/types\/page"}],"author":[{"embeddable":true,"href":"http:\/\/www.atelier-sojus.at\/cms\/wp-json\/wp\/v2\/users\/2"}],"replies":[{"embeddable":true,"href":"http:\/\/www.atelier-sojus.at\/cms\/wp-json\/wp\/v2\/comments?post=162"}],"version-history":[{"count":4,"href":"http:\/\/www.atelier-sojus.at\/cms\/wp-json\/wp\/v2\/pages\/162\/revisions"}],"predecessor-version":[{"id":412,"href":"http:\/\/www.atelier-sojus.at\/cms\/wp-json\/wp\/v2\/pages\/162\/revisions\/412"}],"up":[{"embeddable":true,"href":"http:\/\/www.atelier-sojus.at\/cms\/wp-json\/wp\/v2\/pages\/47"}],"wp:attachment":[{"href":"http:\/\/www.atelier-sojus.at\/cms\/wp-json\/wp\/v2\/media?parent=162"}],"curies":[{"name":"wp","href":"https:\/\/api.w.org\/{rel}","templated":true}]}}