{"id":173,"date":"2015-05-13T10:43:35","date_gmt":"2015-05-13T08:43:35","guid":{"rendered":"http:\/\/www.atelier-sojus.at\/cms\/?page_id=173"},"modified":"2015-05-27T01:06:29","modified_gmt":"2015-05-26T23:06:29","slug":"umgestaltung-loftwohnung-st-petersburg","status":"publish","type":"page","link":"http:\/\/www.atelier-sojus.at\/cms\/projekte-atelier-sojus\/umgestaltung-loftwohnung-st-petersburg\/","title":{"rendered":"UMGESTELTUNG LOFTWOHNUNG &#8211; SANKT PETERSBURG"},"content":{"rendered":"<div class=\"fusion-sep-clear\"><\/div><div class=\"fusion-separator fusion-full-width-sep sep-none\" style=\"border-color:#e0dede;margin-left: auto;margin-right: auto;margin-top:15px;margin-bottom:15px;\"><\/div>\n<div class=\"fusion-one-half fusion-layout-column fusion-spacing-yes\" style=\"margin-top:0px;margin-bottom:20px;\"><div class=\"fusion-column-wrapper\">\n<p><strong>UMGESTALTUNG LOFTWOHNUNG &#8211; SANKT PETERSBURG<\/strong><\/p>\n<p>Vorentwurf M\u00e4rz 2014<\/p>\n<p>&nbsp;<\/p>\n<\/div><\/div>\n<div class=\"fusion-one-half fusion-layout-column fusion-column-last fusion-spacing-yes\" style=\"margin-top:0px;margin-bottom:20px;\"><div class=\"fusion-column-wrapper\">\n<p>Die Innenfassade eines zweigesch\u00f6sisges Wohnraum in einem bestehenden Mehrfamilienhaus soll umgestaltet werden wobei die Fensterfront nicht ver\u00e4ndert werden darf.<br \/>\nDas disharmonischer Gef\u00fchl wird durch ung\u00fcnstige Verh\u00e4ltnisse zwischen Fensterformat und Wandgr\u00f6\u00dfe hervorgerufen. Die entstandene Restfl\u00e4chen nehmen ebenfalls keinen Bezug aufeinander. Die Heizk\u00f6rper als zus\u00e4tzliche Geometrie sorgen f\u00fcr weitere Dissonanz.<br \/>\nDie g\u00fcnstigten Aspekten des Raumes, wie Oberlicht, Gro\u00dfz\u00fcgigkeit durch<br \/>\nZweigeschossigkeit und dezente Farbgebung sollen betont werden.<br \/>\nZusammenfassen der unterschiedlichen Geometrien zu einer einheitlicher Form sowie die Betonung der Vertikalit\u00e4t des Zimmers mittels Gestaltungselementen und die bestehene Farbpalett soll durch dezente Akzente erg\u00e4nzt werden.<\/p>\n<p>Variante 01: Gipskarton, Textilbahnen<\/p>\n<p>Bei Variante 01 handelt es sich um zwei Elemente: Die Raumskultur als raumfassendes Element und der Vorhang der in der vertikale den Raum verbindet. Der Fensterbank, als Teil der Skulptur, formt eine zus\u00e4tzliche Oberfl\u00e4che f\u00fcr eine Leseecke. Farbige Kissen setzen Akzente. Die perferierte Oberfl\u00e4che der Skulptur dient zur Zirkulation der erw\u00e4rmten Luft, zum anderen kann sie als Kletterger\u00fcst f\u00fcr die im Haushalt lebende Kinder dienen.<\/p>\n<p>Variante 02: halbtransparentes Acrylglas mit Bedruckung<\/p>\n<p>Die zweite Variante ist eine \u00fcber die ganze Wand bestehend Oberfl\u00e4che aus farbigen Acrylglas, die auch die oberen Fenster bedeckt, jedoch lichtdurchl\u00e4ssig ist. Somit schafft diese grossformatike Struktur eine Homogenit\u00e4t der Oberfl\u00e4che.Die Leseecke aus der Variante 01 sowie die farbige Kissen bleiben bestehen. Die Oberfl\u00e4che des Acrylglases kann bedruckt werden, um sich der Gestaltung des restlichen Raumes anzugleichen.<\/p>\n<p>&nbsp;<\/p>\n<p>&nbsp;<\/p>\n<p>.<\/div><\/div><div class=\"fusion-clearfix\"><\/div>\n","protected":false},"excerpt":{"rendered":"","protected":false},"author":2,"featured_media":0,"parent":47,"menu_order":25,"comment_status":"open","ping_status":"closed","template":"","meta":[],"_links":{"self":[{"href":"http:\/\/www.atelier-sojus.at\/cms\/wp-json\/wp\/v2\/pages\/173"}],"collection":[{"href":"http:\/\/www.atelier-sojus.at\/cms\/wp-json\/wp\/v2\/pages"}],"about":[{"href":"http:\/\/www.atelier-sojus.at\/cms\/wp-json\/wp\/v2\/types\/page"}],"author":[{"embeddable":true,"href":"http:\/\/www.atelier-sojus.at\/cms\/wp-json\/wp\/v2\/users\/2"}],"replies":[{"embeddable":true,"href":"http:\/\/www.atelier-sojus.at\/cms\/wp-json\/wp\/v2\/comments?post=173"}],"version-history":[{"count":6,"href":"http:\/\/www.atelier-sojus.at\/cms\/wp-json\/wp\/v2\/pages\/173\/revisions"}],"predecessor-version":[{"id":423,"href":"http:\/\/www.atelier-sojus.at\/cms\/wp-json\/wp\/v2\/pages\/173\/revisions\/423"}],"up":[{"embeddable":true,"href":"http:\/\/www.atelier-sojus.at\/cms\/wp-json\/wp\/v2\/pages\/47"}],"wp:attachment":[{"href":"http:\/\/www.atelier-sojus.at\/cms\/wp-json\/wp\/v2\/media?parent=173"}],"curies":[{"name":"wp","href":"https:\/\/api.w.org\/{rel}","templated":true}]}}