{"id":176,"date":"2015-05-18T13:30:05","date_gmt":"2015-05-18T11:30:05","guid":{"rendered":"http:\/\/www.atelier-sojus.at\/cms\/?page_id=176"},"modified":"2016-04-14T11:28:30","modified_gmt":"2016-04-14T09:28:30","slug":"umbau-1010","status":"publish","type":"page","link":"http:\/\/www.atelier-sojus.at\/cms\/projekte-atelier-sojus\/umbau-1010\/","title":{"rendered":"UMBAU UND SANIERUNG APPARTEMENTS &#8211; 1010 WIEN"},"content":{"rendered":"<div class=\"fusion-sep-clear\"><\/div><div class=\"fusion-separator fusion-full-width-sep sep-none\" style=\"border-color:#e0dede;margin-left: auto;margin-right: auto;margin-top:15px;margin-bottom:15px;\"><\/div>\n<div class=\"fusion-one-half fusion-layout-column fusion-spacing-yes\" style=\"margin-top:0px;margin-bottom:20px;\"><div class=\"fusion-column-wrapper\">\n<p><strong>UMBAU UND SANIERUNG APPARTEMENTS &#8211; 1010 WIEN<\/strong><\/p>\n<p>Abschnitt I Wohnungen 01-02<br \/>\nProjektbeginn November 2009<br \/>\nFertigstellung Juni 2011<\/p>\n<p>Abschnitt II Wohnugen 03-04<br \/>\nProjektbeginn August 2011<br \/>\nFertigstellung Juni 2012<\/p>\n<p>Leistungsphasen 1-9<\/p>\n<\/div><\/div>\n<div class=\"fusion-one-half fusion-layout-column fusion-column-last fusion-spacing-yes\" style=\"margin-top:0px;margin-bottom:20px;\"><div class=\"fusion-column-wrapper\">\nIm bester Lage des erste Bezirkes am Stadtpark werden 5 Wohn,- und B\u00fcroeinheiten f\u00fcr eine Wohnungsbaugesellschaft saniert und umgebaut.<br \/>\nIn dem gro\u00dfz\u00fcgigen Gr\u00fcnderzeithaus werden die einzelnen Grundrisse je nach Nutzung zeitgem\u00e4\u00df umstrukturiert, ein besonderes Augenmerk wird auf die Kombination Wohnen in Verbindung mit zuschaltbaren Arbeitsr\u00e4umen gelegt.<br \/>\nFamiliengerechte Grundrisse werden aus der r\u00e4umlichen Umstrukturierung der ehemaligen Bedienstetenzimmern bzw. Kammern geschaffen, die fr\u00fcheren dienenden R\u00e4ume werden nun zum Herzst\u00fcck der familientauglichen Wohnung, die K\u00fcche wird in den offenen Wohnraum integriert, bzw. in ein offenes Raumkontinuum verbunden.<br \/>\nDer Einbau von Stahlrahmen erm\u00f6glicht eine gleichwertige Aufteilung der Zimmer f\u00fcr jedes Familienmitglied, die Enfiladen mit den charakteristischen Durchgangszimmern werden in zeitgem\u00e4\u00dfe Wohnformen \u00fcberf\u00fchrt.<br \/>\nDie Sanit\u00e4rr\u00e4umlichkeiten werden mit Oberlichtern mit nat\u00fcrlichem Licht versorgt, zeitgem\u00e4\u00dfe Aufteilungen mit Zugangsm\u00f6glichkeiten aus jedem Zimmer werden implantiert.<\/p>\n<p>In Wohnung 01 wurde der gesamte Sanit\u00e4rtrakt neu konfiguriert, mittels Leichtbau und Glaselementen eine neue Aufteilun g geschaffen, um Bad und WC trennen zu k\u00f6nnen.<br \/>\nOberlichter erm\u00f6glichen nun den internen Gang mit nat\u00fcrlichem Licht zu versorgen, kleinere Adaptionen erm\u00f6glichen eine sinnvolle M\u00f6blierung, der Aufwand zur Erhaltung des Parketts bewahrt die Athmosph\u00e4re der Altbauwohnung.<\/p>\n<p>In Wohnung 02 wurde durch den Einbau eines Stahlrahmens und die dadurch m\u00f6gliche Zusammenlegung zweier Zimmer die offene Wohnk\u00fcche ins Zentrum der Wohnung implantiert.<br \/>\nEine Neuordnung der Raumkonfiguration erm\u00f6glicht zwei gleichwertige KInderzimmer mit eigenem Bad, die r\u00e4umlich vom Elternschlafzimmer abger\u00fcckt sind, und separat errecihbar sind.<\/p>\n<p>Wohnung 03 wird durch den Einbau eines Stahlrahmens ein Wohnungsgrundriss mit offener Wohnk\u00fcche und zwei Schlafzimmern erm\u00f6glicht, die angrenzenden B\u00fcror\u00e4umlichkeiten werden zeitgem\u00e4\u00df ausgestattet und in ihrer repr\u00e4sentativen Gestalt weitesm\u00f6glich erhalten.<\/p>\n<p>In Wohnung 04 wurde von diversen Einbauten befreit, die dienenden R\u00e4ume wurden f\u00fcr eine zeitgem\u00e4\u00dfe Verwendung als B\u00fcro modernisiert, ein Serverraum und eine separate WC-Einheit wurde integriert, der Besprechungsraum und B\u00fcroraum mit kompletter IT-Infrastruktur ausgestattet.<br \/>\n<\/div><\/div><div class=\"fusion-clearfix\"><\/div>\n","protected":false},"excerpt":{"rendered":"","protected":false},"author":2,"featured_media":0,"parent":47,"menu_order":1,"comment_status":"open","ping_status":"closed","template":"","meta":[],"_links":{"self":[{"href":"http:\/\/www.atelier-sojus.at\/cms\/wp-json\/wp\/v2\/pages\/176"}],"collection":[{"href":"http:\/\/www.atelier-sojus.at\/cms\/wp-json\/wp\/v2\/pages"}],"about":[{"href":"http:\/\/www.atelier-sojus.at\/cms\/wp-json\/wp\/v2\/types\/page"}],"author":[{"embeddable":true,"href":"http:\/\/www.atelier-sojus.at\/cms\/wp-json\/wp\/v2\/users\/2"}],"replies":[{"embeddable":true,"href":"http:\/\/www.atelier-sojus.at\/cms\/wp-json\/wp\/v2\/comments?post=176"}],"version-history":[{"count":14,"href":"http:\/\/www.atelier-sojus.at\/cms\/wp-json\/wp\/v2\/pages\/176\/revisions"}],"predecessor-version":[{"id":625,"href":"http:\/\/www.atelier-sojus.at\/cms\/wp-json\/wp\/v2\/pages\/176\/revisions\/625"}],"up":[{"embeddable":true,"href":"http:\/\/www.atelier-sojus.at\/cms\/wp-json\/wp\/v2\/pages\/47"}],"wp:attachment":[{"href":"http:\/\/www.atelier-sojus.at\/cms\/wp-json\/wp\/v2\/media?parent=176"}],"curies":[{"name":"wp","href":"https:\/\/api.w.org\/{rel}","templated":true}]}}