{"id":261,"date":"2015-05-20T20:25:59","date_gmt":"2015-05-20T18:25:59","guid":{"rendered":"http:\/\/www.atelier-sojus.at\/cms\/?page_id=261"},"modified":"2015-05-27T00:38:21","modified_gmt":"2015-05-26T22:38:21","slug":"umbau-und-sanierung-1190-wien","status":"publish","type":"page","link":"http:\/\/www.atelier-sojus.at\/cms\/projekte-atelier-sojus\/umbau-und-sanierung-1190-wien\/","title":{"rendered":"MACHBARKEITSSTUDIE UMBAU UND SANIERUNG &#8211; 1190 WIEN"},"content":{"rendered":"<div class=\"fusion-sep-clear\"><\/div><div class=\"fusion-separator fusion-full-width-sep sep-none\" style=\"border-color:#e0dede;margin-left: auto;margin-right: auto;margin-top:15px;margin-bottom:15px;\"><\/div>\n<div class=\"fusion-one-half fusion-layout-column fusion-spacing-yes\" style=\"margin-top:0px;margin-bottom:20px;\"><div class=\"fusion-column-wrapper\">\n<p><strong>MACHBARKEITSSTUDIE UNBAU UND SANIERUNG &#8211; 1190 WIEN<\/strong><\/p>\n<p>Vorentwurf M\u00e4rz 2014<\/p>\n<p>&nbsp;<\/p>\n<\/div><\/div>\n<div class=\"fusion-one-half fusion-layout-column fusion-column-last fusion-spacing-yes\" style=\"margin-top:0px;margin-bottom:20px;\"><div class=\"fusion-column-wrapper\">\n<p>Der Wiener Gr\u00fcnderzeitbau l\u00e4sst sich sehr variabel an verschiedene Lebensentw\u00fcrfe anpassen.<br \/>\nSo wurde von uns eine Wohnraumkonfiguration entwickelt, die die K\u00fcche als Kummulationspunkt des Raumprogramms definiert.<br \/>\nDie K\u00fcche als pr\u00e4gender Mittelpunkt des famili\u00e4ren Lebens und Wohnens definiert den sozialen Schwerpunkt dieser Wohnung. Die angrenzenden R\u00e4ume dienen sich der Wohnk\u00fcche als private R\u00fcckzugsbereiche an, die klassische gewichtete Raumaufteilung wird zugunsten der kulturellen Bedeutung der K\u00fcche neu justiert. Im diskursiv entwickelten Wohnungsgrundriss spiegelt sich die Lebensweis der Bewohner wieder, deren famili\u00e4res und gesellschaftliches Leben sich \u00fcberwiegend in der K\u00fcche abspielt, das Wohnzimmer und eigenst\u00e4ndige Lebensbereiche der Kinderzimmer dienen lediglich als zus\u00e4tzlicher R\u00fcckzugsort.<\/p>\n<p>&nbsp;<\/p>\n<p>.<\/div><\/div><div class=\"fusion-clearfix\"><\/div>\n","protected":false},"excerpt":{"rendered":"","protected":false},"author":2,"featured_media":0,"parent":47,"menu_order":24,"comment_status":"open","ping_status":"closed","template":"","meta":[],"_links":{"self":[{"href":"http:\/\/www.atelier-sojus.at\/cms\/wp-json\/wp\/v2\/pages\/261"}],"collection":[{"href":"http:\/\/www.atelier-sojus.at\/cms\/wp-json\/wp\/v2\/pages"}],"about":[{"href":"http:\/\/www.atelier-sojus.at\/cms\/wp-json\/wp\/v2\/types\/page"}],"author":[{"embeddable":true,"href":"http:\/\/www.atelier-sojus.at\/cms\/wp-json\/wp\/v2\/users\/2"}],"replies":[{"embeddable":true,"href":"http:\/\/www.atelier-sojus.at\/cms\/wp-json\/wp\/v2\/comments?post=261"}],"version-history":[{"count":5,"href":"http:\/\/www.atelier-sojus.at\/cms\/wp-json\/wp\/v2\/pages\/261\/revisions"}],"predecessor-version":[{"id":410,"href":"http:\/\/www.atelier-sojus.at\/cms\/wp-json\/wp\/v2\/pages\/261\/revisions\/410"}],"up":[{"embeddable":true,"href":"http:\/\/www.atelier-sojus.at\/cms\/wp-json\/wp\/v2\/pages\/47"}],"wp:attachment":[{"href":"http:\/\/www.atelier-sojus.at\/cms\/wp-json\/wp\/v2\/media?parent=261"}],"curies":[{"name":"wp","href":"https:\/\/api.w.org\/{rel}","templated":true}]}}