{"id":299,"date":"2015-05-21T14:12:49","date_gmt":"2015-05-21T12:12:49","guid":{"rendered":"http:\/\/www.atelier-sojus.at\/cms\/?page_id=299"},"modified":"2015-05-27T01:23:00","modified_gmt":"2015-05-26T23:23:00","slug":"umplanung-kueche-esszimmer-sankt-petersburg","status":"publish","type":"page","link":"http:\/\/www.atelier-sojus.at\/cms\/projekte-atelier-sojus\/umplanung-kueche-esszimmer-sankt-petersburg\/","title":{"rendered":"UMPLANUNG K\u00dcCHE UND ESSZIMMER &#8211; SANKT PETERSBURG"},"content":{"rendered":"<div class=\"fusion-sep-clear\"><\/div><div class=\"fusion-separator fusion-full-width-sep sep-none\" style=\"border-color:#e0dede;margin-left: auto;margin-right: auto;margin-top:15px;margin-bottom:15px;\"><\/div>\n<div class=\"fusion-one-half fusion-layout-column fusion-spacing-yes\" style=\"margin-top:0px;margin-bottom:20px;\"><div class=\"fusion-column-wrapper\">\n<p><strong>UMPLANUNG K\u00dcCHE UND ESSZIMMER &#8211; SANKT PETERSBURG<\/strong><\/p>\n<p>in Arbeit<\/p>\n<p>&nbsp;<\/p>\n<\/div><\/div>\n<div class=\"fusion-one-half fusion-layout-column fusion-column-last fusion-spacing-yes\" style=\"margin-top:0px;margin-bottom:20px;\"><div class=\"fusion-column-wrapper\">\n<p>In eine \u00fcber jahrzehnte zusammengewachsene Wohnung eines St.Petersburger Stadthauses wird als Zentrum des Raumkonglomerats eine Wohnk\u00fcche implantiert.<br \/>\nKoch und Essbereich f\u00fcr eine Konditorin werden das neue Herzst\u00fcck der Wohnung.<br \/>\nDrei Varianten der Situierung werden von uns mit der Bauherrin durchgespielt, je nach Wertigkeit des gemeinsamen Kochens oder des Essens in Gesellschaft wird die K\u00fcche in unterschiedlichen Konfigurationen projektiert, immer in Verbindung mit den technischen Anforderungen wie Leitungsf\u00fchrung, Speisekammer etc&#8230;<br \/>\nSo ergeben sich vorher nicht absehbare M\u00f6glichkeiten, den Raum zu bespielen, die angedockte Kammer kann je nach Situation als Speisekammer, als Garderobe oder Nebeneingang genutzt werden.<br \/>\nEine Erkersituation kann als erweiterter K\u00fcchenbereich mit Wohnqualit\u00e4t verstanden werden, wie auch als Essplatz f\u00fcr kleinere Begebenheiten, bis hin zum Bereich als intimer Leseraum im offenen Wohnraum.<br \/>\nUnterschiedliche Lesearten geben der Situation des Kochens und Essens verschiedene Wertigkeit im Gef\u00fcge der Raumabfolge und ergeben so die M\u00f6glichkeit, kontrovers und kulturverankert zu diskutieren, um die R\u00e4umlichkeiten sowohl athmosph\u00e4risch als auch funktional zu einer Einheit zusammenzufassen.<br \/>\nStoffbahnen separieren bei Bedarf die Vorbereitungszonen und Staur\u00e4ume, um der Raumkontur flie\u00dfende Grenzen zu verleihen und den Umriss des gegebenen Raumes.<\/p>\n<p>&nbsp;<\/p>\n<p>.<\/div><\/div><div class=\"fusion-clearfix\"><\/div>\n","protected":false},"excerpt":{"rendered":"","protected":false},"author":2,"featured_media":0,"parent":47,"menu_order":27,"comment_status":"open","ping_status":"closed","template":"","meta":[],"_links":{"self":[{"href":"http:\/\/www.atelier-sojus.at\/cms\/wp-json\/wp\/v2\/pages\/299"}],"collection":[{"href":"http:\/\/www.atelier-sojus.at\/cms\/wp-json\/wp\/v2\/pages"}],"about":[{"href":"http:\/\/www.atelier-sojus.at\/cms\/wp-json\/wp\/v2\/types\/page"}],"author":[{"embeddable":true,"href":"http:\/\/www.atelier-sojus.at\/cms\/wp-json\/wp\/v2\/users\/2"}],"replies":[{"embeddable":true,"href":"http:\/\/www.atelier-sojus.at\/cms\/wp-json\/wp\/v2\/comments?post=299"}],"version-history":[{"count":6,"href":"http:\/\/www.atelier-sojus.at\/cms\/wp-json\/wp\/v2\/pages\/299\/revisions"}],"predecessor-version":[{"id":428,"href":"http:\/\/www.atelier-sojus.at\/cms\/wp-json\/wp\/v2\/pages\/299\/revisions\/428"}],"up":[{"embeddable":true,"href":"http:\/\/www.atelier-sojus.at\/cms\/wp-json\/wp\/v2\/pages\/47"}],"wp:attachment":[{"href":"http:\/\/www.atelier-sojus.at\/cms\/wp-json\/wp\/v2\/media?parent=299"}],"curies":[{"name":"wp","href":"https:\/\/api.w.org\/{rel}","templated":true}]}}