{"id":308,"date":"2015-05-21T19:07:33","date_gmt":"2015-05-21T17:07:33","guid":{"rendered":"http:\/\/www.atelier-sojus.at\/cms\/?page_id=308"},"modified":"2016-03-29T10:16:17","modified_gmt":"2016-03-29T08:16:17","slug":"temporaere-behausung-stuttgart-21","status":"publish","type":"page","link":"http:\/\/www.atelier-sojus.at\/cms\/weitere-projekte\/temporaere-behausung-stuttgart-21\/","title":{"rendered":"TEMPOR\u00c4RE BEHAUSUNG &#8211; STUTTGART 21"},"content":{"rendered":"<div class=\"fusion-sep-clear\"><\/div><div class=\"fusion-separator fusion-full-width-sep sep-none\" style=\"border-color:#e0dede;margin-left: auto;margin-right: auto;margin-top:15px;margin-bottom:15px;\"><\/div>\n<div class=\"fusion-one-half fusion-layout-column fusion-spacing-yes\" style=\"margin-top:0px;margin-bottom:20px;\"><div class=\"fusion-column-wrapper\">\n<p><strong>TEMPOR\u00c4RE BEHAUSUNG \u2013 STUTTGART 21<\/strong><\/p>\n<p>&nbsp;<\/p>\n<\/div><\/div>\n<div class=\"fusion-one-half fusion-layout-column fusion-column-last fusion-spacing-yes\" style=\"margin-top:0px;margin-bottom:20px;\"><div class=\"fusion-column-wrapper\">\n<p>Hoch \u00fcber der Baustelle Stuttgart 21 sitzt ein tempor\u00e4res boarding house, konzipiert f\u00fcr zwei Bewohner mit kombinierten Gemeinschaftsbereichen und separaten Privatr\u00e4umen.<br \/>\nDie Besonderheiten des Ortes werden zwischen R\u00fcckzugsbereichen an der massiven St\u00fctzmauer und Wohnbereichen mit Ausblick \u00fcber das Tal bzw. die Baustelle athmosph\u00e4risch betont.<br \/>\nDie Tatigkeiten des Wohnens werden programmatisch in Falten gelegt und strukturieren die r\u00e4umliche Ausformulierung des Bauk\u00f6rpers.<\/p>\n<p>.<\/div><\/div><div class=\"fusion-clearfix\"><\/div>\n","protected":false},"excerpt":{"rendered":"","protected":false},"author":2,"featured_media":0,"parent":121,"menu_order":27,"comment_status":"open","ping_status":"closed","template":"","meta":[],"_links":{"self":[{"href":"http:\/\/www.atelier-sojus.at\/cms\/wp-json\/wp\/v2\/pages\/308"}],"collection":[{"href":"http:\/\/www.atelier-sojus.at\/cms\/wp-json\/wp\/v2\/pages"}],"about":[{"href":"http:\/\/www.atelier-sojus.at\/cms\/wp-json\/wp\/v2\/types\/page"}],"author":[{"embeddable":true,"href":"http:\/\/www.atelier-sojus.at\/cms\/wp-json\/wp\/v2\/users\/2"}],"replies":[{"embeddable":true,"href":"http:\/\/www.atelier-sojus.at\/cms\/wp-json\/wp\/v2\/comments?post=308"}],"version-history":[{"count":3,"href":"http:\/\/www.atelier-sojus.at\/cms\/wp-json\/wp\/v2\/pages\/308\/revisions"}],"predecessor-version":[{"id":577,"href":"http:\/\/www.atelier-sojus.at\/cms\/wp-json\/wp\/v2\/pages\/308\/revisions\/577"}],"up":[{"embeddable":true,"href":"http:\/\/www.atelier-sojus.at\/cms\/wp-json\/wp\/v2\/pages\/121"}],"wp:attachment":[{"href":"http:\/\/www.atelier-sojus.at\/cms\/wp-json\/wp\/v2\/media?parent=308"}],"curies":[{"name":"wp","href":"https:\/\/api.w.org\/{rel}","templated":true}]}}