{"id":313,"date":"2015-05-21T19:36:16","date_gmt":"2015-05-21T17:36:16","guid":{"rendered":"http:\/\/www.atelier-sojus.at\/cms\/?page_id=313"},"modified":"2015-05-27T10:27:49","modified_gmt":"2015-05-27T08:27:49","slug":"theatrum-urbis","status":"publish","type":"page","link":"http:\/\/www.atelier-sojus.at\/cms\/weitere-projekte\/theatrum-urbis\/","title":{"rendered":"THEATRUM URBIS &#8211; THEATER DER STADT"},"content":{"rendered":"<div class=\"fusion-sep-clear\"><\/div><div class=\"fusion-separator fusion-full-width-sep sep-none\" style=\"border-color:#e0dede;margin-left: auto;margin-right: auto;margin-top:15px;margin-bottom:15px;\"><\/div>\n<div class=\"fusion-one-half fusion-layout-column fusion-spacing-yes\" style=\"margin-top:0px;margin-bottom:20px;\"><div class=\"fusion-column-wrapper\">\n<p><strong>THEATRUM URBIS &#8211; THEATER DER STADT<\/strong><\/p>\n<p>&nbsp;<\/p>\n<\/div><\/div>\n<div class=\"fusion-one-half fusion-layout-column fusion-column-last fusion-spacing-yes\" style=\"margin-top:0px;margin-bottom:20px;\"><div class=\"fusion-column-wrapper\">\n<p>Die Stadt ist lesbar als Theater, in dem Bewohner als Schauspieler, die Architektur als B\u00fchne wirkt. Das grunds\u00e4tzliche Thema ist die Rolle der Architektur als Generator st\u00e4dtischen Lebens mit dem programmatischen Ansatz, gebaute R\u00e4ume aus Beobachtungen menschlicher Interaktion zu entwickeln.<br \/>\nDas Projekt war die Entwicklung eines katalytischen Werkzeuges, das eine beobachtete soziale Interaktion in ihrer urbanen Dimension unterst\u00fctzt. Das Werkzeug musste in seiner Funktion, Materialit\u00e4t und Machart auf die Qualit\u00e4t der Szene abgestimmt sein und anschlie\u00dfend 1 zu 1 umgesetzt und vorgef\u00fchrt werden.<br \/>\nFolgende Beobachtung dient als Ausgangspunkt des Entwurfes: Passanten in einer Fu\u00dfg\u00e4ngerzone eignen sich ihren Platz zum Verweilen auf Treppenstufen selbst an, obwohl vorhandene Sitzm\u00f6bel oder B\u00e4nke ebenfalls frei sind. Sowohl K\u00f6rperhaltung als auch Interaktion werden offener gestaltet, als auf festen Sitzm\u00f6beln. Aus dieser Erkenntnis entwickelt sich das katalytische Objekt zu einer Sitzgelegenheit, die sich den Stufen anpasst und Treppen nicht nur als Zugang, sondern auch als Zuschauertrib\u00fcne erscheinen l\u00e4sst.<\/p>\n<p>&nbsp;<\/p>\n<p>&nbsp;<\/p>\n<p>.<\/div><\/div><div class=\"fusion-clearfix\"><\/div>\n","protected":false},"excerpt":{"rendered":"","protected":false},"author":2,"featured_media":0,"parent":121,"menu_order":28,"comment_status":"open","ping_status":"closed","template":"","meta":[],"_links":{"self":[{"href":"http:\/\/www.atelier-sojus.at\/cms\/wp-json\/wp\/v2\/pages\/313"}],"collection":[{"href":"http:\/\/www.atelier-sojus.at\/cms\/wp-json\/wp\/v2\/pages"}],"about":[{"href":"http:\/\/www.atelier-sojus.at\/cms\/wp-json\/wp\/v2\/types\/page"}],"author":[{"embeddable":true,"href":"http:\/\/www.atelier-sojus.at\/cms\/wp-json\/wp\/v2\/users\/2"}],"replies":[{"embeddable":true,"href":"http:\/\/www.atelier-sojus.at\/cms\/wp-json\/wp\/v2\/comments?post=313"}],"version-history":[{"count":3,"href":"http:\/\/www.atelier-sojus.at\/cms\/wp-json\/wp\/v2\/pages\/313\/revisions"}],"predecessor-version":[{"id":436,"href":"http:\/\/www.atelier-sojus.at\/cms\/wp-json\/wp\/v2\/pages\/313\/revisions\/436"}],"up":[{"embeddable":true,"href":"http:\/\/www.atelier-sojus.at\/cms\/wp-json\/wp\/v2\/pages\/121"}],"wp:attachment":[{"href":"http:\/\/www.atelier-sojus.at\/cms\/wp-json\/wp\/v2\/media?parent=313"}],"curies":[{"name":"wp","href":"https:\/\/api.w.org\/{rel}","templated":true}]}}