{"id":360,"date":"2015-05-25T22:31:58","date_gmt":"2015-05-25T20:31:58","guid":{"rendered":"http:\/\/www.atelier-sojus.at\/cms\/?page_id=360"},"modified":"2016-03-29T10:20:41","modified_gmt":"2016-03-29T08:20:41","slug":"ausstellung-wagenhalle-stuttgart","status":"publish","type":"page","link":"http:\/\/www.atelier-sojus.at\/cms\/weitere-projekte\/ausstellung-wagenhalle-stuttgart\/","title":{"rendered":"AUSSTELLUNG WAGENHALLE &#8211; STUTTGART"},"content":{"rendered":"<div class=\"fusion-sep-clear\"><\/div><div class=\"fusion-separator fusion-full-width-sep sep-none\" style=\"border-color:#e0dede;margin-left: auto;margin-right: auto;margin-top:15px;margin-bottom:15px;\"><\/div>\n<div class=\"fusion-one-half fusion-layout-column fusion-spacing-yes\" style=\"margin-top:0px;margin-bottom:20px;\"><div class=\"fusion-column-wrapper\">\n<p><strong>\u201cLANGE NACHT DER MUSEEN\u201d WAGENHALLE\u00a0 &#8211;\u00a0 STUTTGART\u00a0<\/strong><\/p>\n<p>&nbsp;<\/p>\n<\/div><\/div>\n<div class=\"fusion-one-half fusion-layout-column fusion-column-last fusion-spacing-yes\" style=\"margin-top:0px;margin-bottom:20px;\"><div class=\"fusion-column-wrapper\">\n<p>Im Rahmen der j\u00e4hrlichen \u201eLange Nacht der Museen\u201c in Stuttgart wurde eine Ausstellung kuratiert, die dem Betrachter Einblicke in parametrische Strategien des r\u00e4umlichen Entwerfens bieten. Ziel der Ausstellung war es, neue und aktuelle Strategien im Bereich des parametrischen Entwerfens im Beisein der Schaffenden zur Diskussion zu stellen.<br \/>\nDie entwickelten Objekte wurden als eigenst\u00e4ndige, losgel\u00f6ste Solit\u00e4re pr\u00e4sentiert und verdinglichten die Schnittstelle zwischen Architektur und Programmierung.<br \/>\nErl\u00e4uternde Projektionen erm\u00f6glichten den theoretischen Ansatz von Programm zu Raum nachzuvollziehen und den zugrundeliegenden Entwurfsgedanken des jeweiligen Objektes erfassbar zu machen.<\/p>\n<p>.<\/div><\/div><div class=\"fusion-clearfix\"><\/div>\n","protected":false},"excerpt":{"rendered":"","protected":false},"author":2,"featured_media":0,"parent":121,"menu_order":32,"comment_status":"open","ping_status":"closed","template":"","meta":[],"_links":{"self":[{"href":"http:\/\/www.atelier-sojus.at\/cms\/wp-json\/wp\/v2\/pages\/360"}],"collection":[{"href":"http:\/\/www.atelier-sojus.at\/cms\/wp-json\/wp\/v2\/pages"}],"about":[{"href":"http:\/\/www.atelier-sojus.at\/cms\/wp-json\/wp\/v2\/types\/page"}],"author":[{"embeddable":true,"href":"http:\/\/www.atelier-sojus.at\/cms\/wp-json\/wp\/v2\/users\/2"}],"replies":[{"embeddable":true,"href":"http:\/\/www.atelier-sojus.at\/cms\/wp-json\/wp\/v2\/comments?post=360"}],"version-history":[{"count":5,"href":"http:\/\/www.atelier-sojus.at\/cms\/wp-json\/wp\/v2\/pages\/360\/revisions"}],"predecessor-version":[{"id":580,"href":"http:\/\/www.atelier-sojus.at\/cms\/wp-json\/wp\/v2\/pages\/360\/revisions\/580"}],"up":[{"embeddable":true,"href":"http:\/\/www.atelier-sojus.at\/cms\/wp-json\/wp\/v2\/pages\/121"}],"wp:attachment":[{"href":"http:\/\/www.atelier-sojus.at\/cms\/wp-json\/wp\/v2\/media?parent=360"}],"curies":[{"name":"wp","href":"https:\/\/api.w.org\/{rel}","templated":true}]}}