{"id":39,"date":"2015-04-27T18:37:15","date_gmt":"2015-04-27T16:37:15","guid":{"rendered":"http:\/\/www.atelier-sojus.at\/cms\/?page_id=39"},"modified":"2015-05-27T00:21:38","modified_gmt":"2015-05-26T22:21:38","slug":"neubau-einfamilienhaus-1190","status":"publish","type":"page","link":"http:\/\/www.atelier-sojus.at\/cms\/projekte-atelier-sojus\/neubau-einfamilienhaus-1190\/","title":{"rendered":"NEUBAU EINFAMILIENHAUS MIT ORDINATION &#8211; 1190 WIEN"},"content":{"rendered":"<div class=\"fusion-sep-clear\"><\/div><div class=\"fusion-separator fusion-full-width-sep sep-none\" style=\"border-color:#e0dede;margin-left: auto;margin-right: auto;margin-top:15px;margin-bottom:15px;\"><\/div>\n<div class=\"fusion-one-half fusion-layout-column fusion-spacing-yes\" style=\"margin-top:0px;margin-bottom:20px;\"><div class=\"fusion-column-wrapper\">\n<p><strong>NEUBAU EINFAMILIENHAUS MIT ORDINATION &#8211; 1190 WIEN<\/p>\n<p><\/strong>Projektbeginn August 2012<strong><br \/>\n<\/strong>Leistungsphasen Vorentwurf, Entwurf<\/p>\n<\/div><\/div>\n<div class=\"fusion-one-half fusion-layout-column fusion-column-last fusion-spacing-yes\" style=\"margin-top:0px;margin-bottom:20px;\"><div class=\"fusion-column-wrapper\">\nF\u00fcr einen Neubau eines Einfamilienhauses mit angeschlossener Ordination und Swimmingpool wird \u00e4hnlich einem arch\u00e4ologischen Sch\u00fcrfungsprozess der Bestand aus den 60er Jahren, der wirtschaftlich schwer sanierbar ist, bis auf die Kellermauern abgetragen.<strong><br \/>\n<\/strong>Das Wohnhaus f\u00fcr eine vierk\u00f6pfige Familie wird als Fertighaus aus Holzelementen auf das bestehende Kellergeschoss aufgesetzt.<strong><br \/>\n<\/strong>Im Sinne einer nachhaltigen Nutzung ist der Schlafbereich der Eltern und Kinder innerhalb des Obergeschosses nur \u00fcber eine Br\u00fccke verbunden, diese Verbindung kann zur sp\u00e4teren Teilung des Hauses getrennt werden.<strong><br \/>\n<\/strong>Durch die speziellen Anforderungen eines Artzhaushaltes folgt der Grundriss den spezifischen Bed\u00fcrfnissen, d.h ein fast \u00f6ffentliches Wohnzimmer, privater K\u00fcchentrakt mit Gartenanbindung und direktem Zugang ins Obergeschoss.<br \/>\nEin G\u00e4stezimmer ist tempor\u00e4r per Klapp,- und Faltmechanismen aus dem Raumkontinuum abtrennbar, ansonsten dient der Raum als Bibliothek mit Bezug zum Hof.<br \/>\nDurch die Freilegung einer fr\u00fcheren Schwimmhalle im ehemaligen Kellergeschoss entsteht eine Hofsituation, die eine barrierefreie Ordination im strassenseitigen Erd- geschoss erm\u00f6glicht.<br \/>\nDer bestehende Pool wird freigelegt, die Nachmittagssonne sorgt f\u00fcr eine angenehme Nutzbarkeit in den Sommermonaten. Der Hof wird strassenseitig durch ein h\u00f6lzernes Carport abgetrennt und gibt in Verbindung mit dem durch einen Kirschbaum gefiltertem Licht dem dem Innenhof eine private, ungest\u00f6rte Athmosph\u00e4re.<br \/>\nEin bestehender Weinkeller wird \u00fcber ein grossz\u00fcgiges Oberlicht wieder nutzbar gemacht, das ebenerdige Raumangebot kann im Laufe der Jahre als Einliegerwohnung umgebaut werden und das Wohnhaus so als Mehrgenerationenhaus weitergenutzt werden.<\/div><\/div><div class=\"fusion-clearfix\"><\/div>\n","protected":false},"excerpt":{"rendered":"","protected":false},"author":1,"featured_media":0,"parent":47,"menu_order":20,"comment_status":"open","ping_status":"closed","template":"","meta":[],"_links":{"self":[{"href":"http:\/\/www.atelier-sojus.at\/cms\/wp-json\/wp\/v2\/pages\/39"}],"collection":[{"href":"http:\/\/www.atelier-sojus.at\/cms\/wp-json\/wp\/v2\/pages"}],"about":[{"href":"http:\/\/www.atelier-sojus.at\/cms\/wp-json\/wp\/v2\/types\/page"}],"author":[{"embeddable":true,"href":"http:\/\/www.atelier-sojus.at\/cms\/wp-json\/wp\/v2\/users\/1"}],"replies":[{"embeddable":true,"href":"http:\/\/www.atelier-sojus.at\/cms\/wp-json\/wp\/v2\/comments?post=39"}],"version-history":[{"count":10,"href":"http:\/\/www.atelier-sojus.at\/cms\/wp-json\/wp\/v2\/pages\/39\/revisions"}],"predecessor-version":[{"id":408,"href":"http:\/\/www.atelier-sojus.at\/cms\/wp-json\/wp\/v2\/pages\/39\/revisions\/408"}],"up":[{"embeddable":true,"href":"http:\/\/www.atelier-sojus.at\/cms\/wp-json\/wp\/v2\/pages\/47"}],"wp:attachment":[{"href":"http:\/\/www.atelier-sojus.at\/cms\/wp-json\/wp\/v2\/media?parent=39"}],"curies":[{"name":"wp","href":"https:\/\/api.w.org\/{rel}","templated":true}]}}