{"id":632,"date":"2016-05-04T18:08:00","date_gmt":"2016-05-04T16:08:00","guid":{"rendered":"http:\/\/www.atelier-sojus.at\/cms\/?page_id=632"},"modified":"2016-05-11T21:54:15","modified_gmt":"2016-05-11T19:54:15","slug":"movement-institute","status":"publish","type":"page","link":"http:\/\/www.atelier-sojus.at\/cms\/aktuelle-projekte\/movement-institute\/","title":{"rendered":"Movement Institute &#8211; 1090 WIEN"},"content":{"rendered":"<div class=\"fusion-sep-clear\"><\/div><div class=\"fusion-separator fusion-full-width-sep sep-none\" style=\"border-color:#e0dede;margin-left: auto;margin-right: auto;margin-top:15px;margin-bottom:15px;\"><\/div>\n<div class=\"fusion-one-half fusion-layout-column fusion-spacing-yes\" style=\"margin-top:0px;margin-bottom:20px;\"><div class=\"fusion-column-wrapper\">\n<p><strong>M\u00d6BELDESIGN MOVEMENT INSTITUTE &#8211; 1090 WIEN<\/strong><\/p>\n<p>Projektbeginn Februar 2016<br \/>\nFertigstellung April 2016<\/p>\n<p>Leistungsphasen Entwurf, Detailplanung<\/p>\n<\/div><\/div>\n<div class=\"fusion-one-half fusion-layout-column fusion-column-last fusion-spacing-yes\" style=\"margin-top:0px;margin-bottom:20px;\"><div class=\"fusion-column-wrapper\">\n<p>Vielz\u00e4hlige Anforderungen an die Eingangs und Empfangssituation des Movement Institutes werden pragmatisch von einer Vielzahl an unterschiedlich konfigurierten Boxen aufgenommen.<br \/>\nDurch passgenau abgestimmte \u201eMoves\u201c drehen sich die Boxen ihrer jeweiligen Aufgabe entsprechend im Raum, sei es nun Repr\u00e4sentation \/ Austellungsfl\u00e4che zum Eingang hin, Stauraum zum Trainingsraum, oder Ablage f\u00fcr Utensilien im Zwischenbereich.<br \/>\nDas Empfangspult\u00a0 wird \u00e4u\u00dferst platzsparend als Stehpult in die Durchgangsfl\u00e4che integriert, eine leichte Erh\u00f6hung des Bodens sorgt f\u00fcr eine subtile Abgrenzung zwischen Mitarbeiter- und Kundenbereich.\u00a0 Die Funktionen des klassischen Schreibtisches werden aufgesplittet und vertikal an die Vorder- und R\u00fcckwand aufgeteilt, so kann zusammen mit einer leistungsf\u00e4higen IT- Verwaltung\u00a0 der Schreibtisch zu einem Stehpult minimiert werden.Die Materialit\u00e4t orientiert sich an den vorhandenen Sportger\u00e4ten,\u00a0 Nat\u00fcrlichkeit und Funktionalit\u00e4t bleiben pragmatisch erhalten, in der Verarbeitungs- und Oberfl\u00e4chenqualit\u00e4t zeigen sich feine Anpassungen an den M\u00f6belbau.<br \/>\nSo bleibt im Movement Institut die k\u00f6rperliche Bewegung und Anspannung\u00a0 sogar bei klassischer Schreibtischarbeit erhalten, zus\u00e4tzlich verleiht die Erh\u00f6hung des Arbeitsplatzes den Ratschl\u00e4gen des Trainers selbst im Vorbeigehen eine gewisse Erhabenheit\u2026<br \/>\nDie neu geschaffene Umkeide wird pragmatisch und platzoptimierend durch Vorh\u00e4nge abgetrennt und mit umlaufenden B\u00e4nken versehen, so dass eine Komprimierung des verf\u00fcgbaren Platzes je nach Anzahl der Sportler stattfindet.<br \/>\nDie Trainerumkleide wird im hinteren Trakt des Institutes vertikal erweitert, eine Maximierung des Lagerraumes wird durch Stapelung einzelner Kisten erzielt, die im Farbcode des corporte Designs sofort zuordenbar sind. Die Sanit\u00e4rr\u00e4ume k\u00f6nnen durch Schiebet\u00fcren abgetrennt werden, so dass zus\u00e4tzlicher Raum f\u00fcr eine Waschmaschine und eine minimalisierte Teek\u00fcche entstehen kann.<\/p>\n<p>.<\/div><\/div><div class=\"fusion-clearfix\"><\/div>\n","protected":false},"excerpt":{"rendered":"","protected":false},"author":1,"featured_media":0,"parent":628,"menu_order":21,"comment_status":"open","ping_status":"closed","template":"","meta":[],"_links":{"self":[{"href":"http:\/\/www.atelier-sojus.at\/cms\/wp-json\/wp\/v2\/pages\/632"}],"collection":[{"href":"http:\/\/www.atelier-sojus.at\/cms\/wp-json\/wp\/v2\/pages"}],"about":[{"href":"http:\/\/www.atelier-sojus.at\/cms\/wp-json\/wp\/v2\/types\/page"}],"author":[{"embeddable":true,"href":"http:\/\/www.atelier-sojus.at\/cms\/wp-json\/wp\/v2\/users\/1"}],"replies":[{"embeddable":true,"href":"http:\/\/www.atelier-sojus.at\/cms\/wp-json\/wp\/v2\/comments?post=632"}],"version-history":[{"count":8,"href":"http:\/\/www.atelier-sojus.at\/cms\/wp-json\/wp\/v2\/pages\/632\/revisions"}],"predecessor-version":[{"id":655,"href":"http:\/\/www.atelier-sojus.at\/cms\/wp-json\/wp\/v2\/pages\/632\/revisions\/655"}],"up":[{"embeddable":true,"href":"http:\/\/www.atelier-sojus.at\/cms\/wp-json\/wp\/v2\/pages\/628"}],"wp:attachment":[{"href":"http:\/\/www.atelier-sojus.at\/cms\/wp-json\/wp\/v2\/media?parent=632"}],"curies":[{"name":"wp","href":"https:\/\/api.w.org\/{rel}","templated":true}]}}