{"id":73,"date":"2015-05-08T17:10:59","date_gmt":"2015-05-08T15:10:59","guid":{"rendered":"http:\/\/www.atelier-sojus.at\/cms\/?page_id=73"},"modified":"2016-04-04T10:30:58","modified_gmt":"2016-04-04T08:30:58","slug":"konzept","status":"publish","type":"page","link":"http:\/\/www.atelier-sojus.at\/cms\/konzept\/","title":{"rendered":"Das Konzept"},"content":{"rendered":"<p style=\"text-align: justify;\"><div class=\"fusion-one-half fusion-layout-column fusion-spacing-yes\" style=\"margin-top:0px;margin-bottom:20px;\"><div class=\"fusion-column-wrapper\"><\/div><\/div>\n<div class=\"fusion-one-half fusion-layout-column fusion-column-last fusion-spacing-yes\" style=\"margin-top:0px;margin-bottom:20px;\"><div class=\"fusion-column-wrapper\">\n<p>Architektur ist f\u00fcr uns sowohl Konzept, Werkstatt und nicht zuletzt Baustelle. In einem freien und interdisziplin\u00e4rer Atelierumfeld denken und kreieren wir Architektur nicht nur technisch und funktional, sondern mit konzeptionellem Mehrwert.<\/p>\n<p>Als Grundlage jedes Raumschaffens sehen wir ein umfassendes Konzept, in dem wir parallele Nutzungen, \u00dcberlagerungen, Lichtsituationen, athmosph\u00e4rische und haptische Qualit\u00e4ten definieren und sch\u00e4rfen, um so jeder Bauaufgabe die ihr innewohnende Besonderheit herauszudestillieren.<\/p>\n<p>So wie wir den Ateliernamen \u201eSojus\u201c (russ. Gemeinschaft \/ Allianz) als interdisziplin\u00e4res Programm verstehen, so schwingt nat\u00fcrlich auch die Faszination der optimalen Raumausnutzung und Adaptionsm\u00f6glichkeiten in der Raumtechnik mit, sowie die Raumexperimente der russischen Suprematisten.<\/p>\n<p>Die konzeptionelle Einbeziehung athmosph\u00e4rischer Qualit\u00e4t, Materialhaptik und mehrdeutiger Nutzungsm\u00f6glichkeit lassen nachhaltige architektonische Konzepte entstehen, die sich bis zur Realisierung auf \u00a0Materialen, Firmenauswahl und Transportwege ausdehnen.<\/p>\n<p>&nbsp;<\/p>\n<div class=\"fusion-sep-clear\"><\/div><div class=\"fusion-separator fusion-full-width-sep sep-none\" style=\"border-color:#e0dede;margin-left: auto;margin-right: auto;margin-top:5px;margin-bottom:5px;\"><\/div>\n<p>&nbsp;<\/p>\n<p>&nbsp;<\/p>\n<p>&nbsp;<\/p>\n<p>&nbsp;<\/p>\n<p>&nbsp;<\/p>\n<p>&nbsp;<\/p>\n<\/div><\/div><div class=\"fusion-clearfix\"><\/div>\n","protected":false},"excerpt":{"rendered":"","protected":false},"author":1,"featured_media":0,"parent":0,"menu_order":3,"comment_status":"open","ping_status":"closed","template":"","meta":[],"_links":{"self":[{"href":"http:\/\/www.atelier-sojus.at\/cms\/wp-json\/wp\/v2\/pages\/73"}],"collection":[{"href":"http:\/\/www.atelier-sojus.at\/cms\/wp-json\/wp\/v2\/pages"}],"about":[{"href":"http:\/\/www.atelier-sojus.at\/cms\/wp-json\/wp\/v2\/types\/page"}],"author":[{"embeddable":true,"href":"http:\/\/www.atelier-sojus.at\/cms\/wp-json\/wp\/v2\/users\/1"}],"replies":[{"embeddable":true,"href":"http:\/\/www.atelier-sojus.at\/cms\/wp-json\/wp\/v2\/comments?post=73"}],"version-history":[{"count":45,"href":"http:\/\/www.atelier-sojus.at\/cms\/wp-json\/wp\/v2\/pages\/73\/revisions"}],"predecessor-version":[{"id":610,"href":"http:\/\/www.atelier-sojus.at\/cms\/wp-json\/wp\/v2\/pages\/73\/revisions\/610"}],"wp:attachment":[{"href":"http:\/\/www.atelier-sojus.at\/cms\/wp-json\/wp\/v2\/media?parent=73"}],"curies":[{"name":"wp","href":"https:\/\/api.w.org\/{rel}","templated":true}]}}